{"id":5432,"date":"2022-04-29T15:40:29","date_gmt":"2022-04-29T13:40:29","guid":{"rendered":"https:\/\/melanie-nguyen.de\/imprint\/"},"modified":"2025-06-23T18:23:53","modified_gmt":"2025-06-23T16:23:53","slug":"imprint","status":"publish","type":"page","link":"https:\/\/melanie-nguyen.de\/en\/imprint\/","title":{"rendered":"Imprint"},"content":{"rendered":"\t\t<div data-elementor-type=\"wp-page\" data-elementor-id=\"5432\" class=\"elementor elementor-5432 elementor-373\" data-elementor-post-type=\"page\">\n\t\t\t\t\t\t<section class=\"elementor-section elementor-top-section elementor-element elementor-element-639a1aa elementor-section-boxed elementor-section-height-default elementor-section-height-default\" data-id=\"639a1aa\" data-element_type=\"section\" data-e-type=\"section\">\n\t\t\t\t\t\t<div class=\"elementor-container elementor-column-gap-default\">\n\t\t\t\t\t<div class=\"elementor-column elementor-col-100 elementor-top-column elementor-element elementor-element-791d8be\" data-id=\"791d8be\" data-element_type=\"column\" data-e-type=\"column\">\n\t\t\t<div class=\"elementor-widget-wrap elementor-element-populated\">\n\t\t\t\t\t\t<div class=\"elementor-element elementor-element-202c0a6 elementor-widget elementor-widget-heading\" data-id=\"202c0a6\" data-element_type=\"widget\" data-e-type=\"widget\" data-widget_type=\"heading.default\">\n\t\t\t\t<div class=\"elementor-widget-container\">\n\t\t\t\t\t<h2 class=\"elementor-heading-title elementor-size-default\">Imprint<\/h2>\t\t\t\t<\/div>\n\t\t\t\t<\/div>\n\t\t\t\t\t<\/div>\n\t\t<\/div>\n\t\t\t\t\t<\/div>\n\t\t<\/section>\n\t\t\t\t<section class=\"elementor-section elementor-top-section elementor-element elementor-element-3f782c4 elementor-section-boxed elementor-section-height-default elementor-section-height-default\" data-id=\"3f782c4\" data-element_type=\"section\" data-e-type=\"section\">\n\t\t\t\t\t\t<div class=\"elementor-container elementor-column-gap-wider\">\n\t\t\t\t\t<div class=\"elementor-column elementor-col-50 elementor-top-column elementor-element elementor-element-ef3fa5f\" data-id=\"ef3fa5f\" data-element_type=\"column\" data-e-type=\"column\">\n\t\t\t<div class=\"elementor-widget-wrap elementor-element-populated\">\n\t\t\t\t\t\t<div class=\"elementor-element elementor-element-d337f32 elementor-widget elementor-widget-heading\" data-id=\"d337f32\" data-element_type=\"widget\" data-e-type=\"widget\" data-widget_type=\"heading.default\">\n\t\t\t\t<div class=\"elementor-widget-container\">\n\t\t\t\t\t<h2 class=\"elementor-heading-title elementor-size-default\">Information according to \u00a7 5 TMG (German Telemedia Act)<\/h2>\t\t\t\t<\/div>\n\t\t\t\t<\/div>\n\t\t\t\t<div class=\"elementor-element elementor-element-6322df1 elementor-widget elementor-widget-text-editor\" data-id=\"6322df1\" data-element_type=\"widget\" data-e-type=\"widget\" data-widget_type=\"text-editor.default\">\n\t\t\t\t<div class=\"elementor-widget-container\">\n\t\t\t\t\t\t\t\t\t<p>Melanie Nguyen<\/p><p>In Geneiken 39<\/p><p>41812 Erkelenz (Germany)<\/p>\t\t\t\t\t\t\t\t<\/div>\n\t\t\t\t<\/div>\n\t\t\t\t\t<\/div>\n\t\t<\/div>\n\t\t\t\t<div class=\"elementor-column elementor-col-50 elementor-top-column elementor-element elementor-element-b01beec\" data-id=\"b01beec\" data-element_type=\"column\" data-e-type=\"column\">\n\t\t\t<div class=\"elementor-widget-wrap elementor-element-populated\">\n\t\t\t\t\t\t<div class=\"elementor-element elementor-element-18570b8 elementor-widget elementor-widget-heading\" data-id=\"18570b8\" data-element_type=\"widget\" data-e-type=\"widget\" data-widget_type=\"heading.default\">\n\t\t\t\t<div class=\"elementor-widget-container\">\n\t\t\t\t\t<h2 class=\"elementor-heading-title elementor-size-default\">Contact<\/h2>\t\t\t\t<\/div>\n\t\t\t\t<\/div>\n\t\t\t\t<div class=\"elementor-element elementor-element-35f6b90 elementor-widget elementor-widget-text-editor\" data-id=\"35f6b90\" data-element_type=\"widget\" data-e-type=\"widget\" data-widget_type=\"text-editor.default\">\n\t\t\t\t<div class=\"elementor-widget-container\">\n\t\t\t\t\t\t\t\t\t<p>E-mail: hallo@melanie-nguyen.de<\/p><p><span class=\"w8qArf\">Phone: <\/span><span class=\"LrzXr zdqRlf kno-fv\"><span aria-label=\"01578 7268708 anrufen\">01578 7268708<\/span><\/span><\/p>\t\t\t\t\t\t\t\t<\/div>\n\t\t\t\t<\/div>\n\t\t\t\t\t<\/div>\n\t\t<\/div>\n\t\t\t\t\t<\/div>\n\t\t<\/section>\n\t\t\t\t<section class=\"elementor-section elementor-top-section elementor-element elementor-element-ffcfe78 elementor-section-boxed elementor-section-height-default elementor-section-height-default\" data-id=\"ffcfe78\" data-element_type=\"section\" data-e-type=\"section\">\n\t\t\t\t\t\t<div class=\"elementor-container elementor-column-gap-default\">\n\t\t\t\t\t<div class=\"elementor-column elementor-col-100 elementor-top-column elementor-element elementor-element-4a6067d\" data-id=\"4a6067d\" data-element_type=\"column\" data-e-type=\"column\">\n\t\t\t<div class=\"elementor-widget-wrap elementor-element-populated\">\n\t\t\t\t\t\t<div class=\"elementor-element elementor-element-1cee4b5 elementor-widget elementor-widget-heading\" data-id=\"1cee4b5\" data-element_type=\"widget\" data-e-type=\"widget\" data-widget_type=\"heading.default\">\n\t\t\t\t<div class=\"elementor-widget-container\">\n\t\t\t\t\t<h2 class=\"elementor-heading-title elementor-size-default\">Liability for content<\/h2>\t\t\t\t<\/div>\n\t\t\t\t<\/div>\n\t\t\t\t<div class=\"elementor-element elementor-element-a6647f5 elementor-widget elementor-widget-text-editor\" data-id=\"a6647f5\" data-element_type=\"widget\" data-e-type=\"widget\" data-widget_type=\"text-editor.default\">\n\t\t\t\t<div class=\"elementor-widget-container\">\n\t\t\t\t\t\t\t\t\t<p>As a service provider, we are responsible for our own content on these pages in accordance with Section 7 (1) TMG (German Telemedia Act) and general legislation. According to \u00a7\u00a7 8 to 10 TMG, however, we as a service provider are not obliged to monitor transmitted or stored third-party information or to investigate circumstances that indicate illegal activity.  <\/p><p>Obligations to remove or block the use of information in accordance with general legislation remain unaffected by this. However, liability in this respect is only possible from the time we become aware of a specific infringement. As soon as we become aware of such infringements, we will remove this content immediately.  <\/p>\t\t\t\t\t\t\t\t<\/div>\n\t\t\t\t<\/div>\n\t\t\t\t\t<\/div>\n\t\t<\/div>\n\t\t\t\t\t<\/div>\n\t\t<\/section>\n\t\t\t\t<section class=\"elementor-section elementor-top-section elementor-element elementor-element-f56e90c elementor-section-boxed elementor-section-height-default elementor-section-height-default\" data-id=\"f56e90c\" data-element_type=\"section\" data-e-type=\"section\">\n\t\t\t\t\t\t<div class=\"elementor-container elementor-column-gap-default\">\n\t\t\t\t\t<div class=\"elementor-column elementor-col-100 elementor-top-column elementor-element elementor-element-5d8134e\" data-id=\"5d8134e\" data-element_type=\"column\" data-e-type=\"column\">\n\t\t\t<div class=\"elementor-widget-wrap elementor-element-populated\">\n\t\t\t\t\t\t<div class=\"elementor-element elementor-element-5d71fbe elementor-widget elementor-widget-heading\" data-id=\"5d71fbe\" data-element_type=\"widget\" data-e-type=\"widget\" data-widget_type=\"heading.default\">\n\t\t\t\t<div class=\"elementor-widget-container\">\n\t\t\t\t\t<h2 class=\"elementor-heading-title elementor-size-default\">Liability for links<\/h2>\t\t\t\t<\/div>\n\t\t\t\t<\/div>\n\t\t\t\t<div class=\"elementor-element elementor-element-e58055c elementor-widget elementor-widget-text-editor\" data-id=\"e58055c\" data-element_type=\"widget\" data-e-type=\"widget\" data-widget_type=\"text-editor.default\">\n\t\t\t\t<div class=\"elementor-widget-container\">\n\t\t\t\t\t\t\t\t\t<p>Our website contains links to external third-party websites over whose content we have no influence. Therefore, we cannot accept any liability for this third-party content. The respective provider or operator of the pages is always responsible for the content of the linked pages. The linked pages were checked for possible legal violations at the time of linking. Illegal contents were not recognizable at the time of linking.    <\/p><p>However, permanent monitoring of the content of the linked pages is not reasonable without concrete evidence of an infringement. If we become aware of any legal infringements, we will remove such links immediately. <\/p>\t\t\t\t\t\t\t\t<\/div>\n\t\t\t\t<\/div>\n\t\t\t\t\t<\/div>\n\t\t<\/div>\n\t\t\t\t\t<\/div>\n\t\t<\/section>\n\t\t\t\t<section class=\"elementor-section elementor-top-section elementor-element elementor-element-56bc65d elementor-section-boxed elementor-section-height-default elementor-section-height-default\" data-id=\"56bc65d\" data-element_type=\"section\" data-e-type=\"section\">\n\t\t\t\t\t\t<div class=\"elementor-container elementor-column-gap-default\">\n\t\t\t\t\t<div class=\"elementor-column elementor-col-100 elementor-top-column elementor-element elementor-element-b325d37\" data-id=\"b325d37\" data-element_type=\"column\" data-e-type=\"column\">\n\t\t\t<div class=\"elementor-widget-wrap elementor-element-populated\">\n\t\t\t\t\t\t<div class=\"elementor-element elementor-element-ca9a725 elementor-widget elementor-widget-heading\" data-id=\"ca9a725\" data-element_type=\"widget\" data-e-type=\"widget\" data-widget_type=\"heading.default\">\n\t\t\t\t<div class=\"elementor-widget-container\">\n\t\t\t\t\t<h2 class=\"elementor-heading-title elementor-size-default\">Copyright<\/h2>\t\t\t\t<\/div>\n\t\t\t\t<\/div>\n\t\t\t\t<div class=\"elementor-element elementor-element-a9d757a elementor-widget elementor-widget-text-editor\" data-id=\"a9d757a\" data-element_type=\"widget\" data-e-type=\"widget\" data-widget_type=\"text-editor.default\">\n\t\t\t\t<div class=\"elementor-widget-container\">\n\t\t\t\t\t\t\t\t\t<p>The content and works created by the site operators on these pages are subject to German copyright law. Duplication, processing, distribution and any kind of exploitation outside the limits of copyright law require the written consent of the respective author or creator. Downloads and copies of this site are only permitted for private, non-commercial use.  <\/p><p>Insofar as the content on this site was not created by the operator, the copyrights of third parties are respected. In particular, third-party content is identified as such. Should you nevertheless become aware of a copyright infringement, please inform us accordingly. If we become aware of any infringements, we will remove such content immediately.   <\/p>\t\t\t\t\t\t\t\t<\/div>\n\t\t\t\t<\/div>\n\t\t\t\t\t<\/div>\n\t\t<\/div>\n\t\t\t\t\t<\/div>\n\t\t<\/section>\n\t\t\t\t<\/div>\n\t\t","protected":false},"excerpt":{"rendered":"<p>Imprint Information according to \u00a7 5 TMG (German Telemedia Act) Melanie Nguyen In Geneiken 39 41812 Erkelenz (Germany) Contact E-mail: hallo@melanie-nguyen.de Phone: 01578 7268708 Liability for content As a service provider, we are responsible for our own content on these pages in accordance with Section 7 (1) TMG (German Telemedia Act) and general legislation. According [&hellip;]<\/p>\n","protected":false},"author":1,"featured_media":0,"parent":0,"menu_order":0,"comment_status":"closed","ping_status":"closed","template":"","meta":{"footnotes":""},"class_list":["post-5432","page","type-page","status-publish","hentry"],"yoast_head":"<!-- This site is optimized with the Yoast SEO plugin v27.3 - https:\/\/yoast.com\/product\/yoast-seo-wordpress\/ -->\n<title>Imprint - Melanie Nguyen Photography<\/title>\n<meta name=\"robots\" content=\"index, follow, max-snippet:-1, max-image-preview:large, max-video-preview:-1\" \/>\n<link rel=\"canonical\" href=\"https:\/\/melanie-nguyen.de\/en\/imprint\/\" \/>\n<meta property=\"og:locale\" content=\"en_US\" \/>\n<meta property=\"og:type\" content=\"article\" \/>\n<meta property=\"og:title\" content=\"Imprint - Melanie Nguyen Photography\" \/>\n<meta property=\"og:description\" content=\"Imprint Information according to \u00a7 5 TMG (German Telemedia Act) Melanie Nguyen In Geneiken 39 41812 Erkelenz (Germany) Contact E-mail: hallo@melanie-nguyen.de Phone: 01578 7268708 Liability for content As a service provider, we are responsible for our own content on these pages in accordance with Section 7 (1) TMG (German Telemedia Act) and general legislation. According [&hellip;]\" \/>\n<meta property=\"og:url\" content=\"https:\/\/melanie-nguyen.de\/en\/imprint\/\" \/>\n<meta property=\"og:site_name\" content=\"Melanie Nguyen Photography\" \/>\n<meta property=\"article:publisher\" content=\"https:\/\/www.facebook.com\/MelanieNguyenPhotography\/\" \/>\n<meta property=\"article:modified_time\" content=\"2025-06-23T16:23:53+00:00\" \/>\n<meta name=\"twitter:card\" content=\"summary_large_image\" \/>\n<meta name=\"twitter:label1\" content=\"Est. reading time\" \/>\n\t<meta name=\"twitter:data1\" content=\"2 minutes\" \/>\n<script type=\"application\/ld+json\" class=\"yoast-schema-graph\">{\"@context\":\"https:\\\/\\\/schema.org\",\"@graph\":[{\"@type\":\"WebPage\",\"@id\":\"https:\\\/\\\/melanie-nguyen.de\\\/en\\\/imprint\\\/\",\"url\":\"https:\\\/\\\/melanie-nguyen.de\\\/en\\\/imprint\\\/\",\"name\":\"Imprint - Melanie Nguyen Photography\",\"isPartOf\":{\"@id\":\"https:\\\/\\\/melanie-nguyen.de\\\/en\\\/#website\"},\"datePublished\":\"2022-04-29T13:40:29+00:00\",\"dateModified\":\"2025-06-23T16:23:53+00:00\",\"breadcrumb\":{\"@id\":\"https:\\\/\\\/melanie-nguyen.de\\\/en\\\/imprint\\\/#breadcrumb\"},\"inLanguage\":\"en-US\",\"potentialAction\":[{\"@type\":\"ReadAction\",\"target\":[\"https:\\\/\\\/melanie-nguyen.de\\\/en\\\/imprint\\\/\"]}]},{\"@type\":\"BreadcrumbList\",\"@id\":\"https:\\\/\\\/melanie-nguyen.de\\\/en\\\/imprint\\\/#breadcrumb\",\"itemListElement\":[{\"@type\":\"ListItem\",\"position\":1,\"name\":\"Startseite\",\"item\":\"https:\\\/\\\/melanie-nguyen.de\\\/en\\\/melanie-nguyen-photography\\\/\"},{\"@type\":\"ListItem\",\"position\":2,\"name\":\"Imprint\"}]},{\"@type\":\"WebSite\",\"@id\":\"https:\\\/\\\/melanie-nguyen.de\\\/en\\\/#website\",\"url\":\"https:\\\/\\\/melanie-nguyen.de\\\/en\\\/\",\"name\":\"Melanie Nguyen Photography\",\"description\":\"\",\"publisher\":{\"@id\":\"https:\\\/\\\/melanie-nguyen.de\\\/en\\\/#\\\/schema\\\/person\\\/b405273d82090914503086b975486481\"},\"potentialAction\":[{\"@type\":\"SearchAction\",\"target\":{\"@type\":\"EntryPoint\",\"urlTemplate\":\"https:\\\/\\\/melanie-nguyen.de\\\/en\\\/?s={search_term_string}\"},\"query-input\":{\"@type\":\"PropertyValueSpecification\",\"valueRequired\":true,\"valueName\":\"search_term_string\"}}],\"inLanguage\":\"en-US\"},{\"@type\":[\"Person\",\"Organization\"],\"@id\":\"https:\\\/\\\/melanie-nguyen.de\\\/en\\\/#\\\/schema\\\/person\\\/b405273d82090914503086b975486481\",\"name\":\"Melanie Nguyen\",\"image\":{\"@type\":\"ImageObject\",\"inLanguage\":\"en-US\",\"@id\":\"https:\\\/\\\/melanie-nguyen.de\\\/wp-content\\\/uploads\\\/2022\\\/04\\\/cropped-melanie-nguyen-logo.png\",\"url\":\"https:\\\/\\\/melanie-nguyen.de\\\/wp-content\\\/uploads\\\/2022\\\/04\\\/cropped-melanie-nguyen-logo.png\",\"contentUrl\":\"https:\\\/\\\/melanie-nguyen.de\\\/wp-content\\\/uploads\\\/2022\\\/04\\\/cropped-melanie-nguyen-logo.png\",\"width\":1582,\"height\":452,\"caption\":\"Melanie Nguyen\"},\"logo\":{\"@id\":\"https:\\\/\\\/melanie-nguyen.de\\\/wp-content\\\/uploads\\\/2022\\\/04\\\/cropped-melanie-nguyen-logo.png\"},\"description\":\"Liebevolle Mama, Ehefrau und leidenschaftliche Fotografin. Auch nach 15 gemeinsamen Jahren bin ich noch schwer verliebt in meinen Ehemann und k\u00f6nnte mich nicht gl\u00fccklicher sch\u00e4tzen, unseren wertvollsten Schatz zur Welt gebracht zu haben. Neben meiner Familie und der Fotografie liebe ich das Reisen und habe sogar f\u00fcr 2 Jahre in Amerika gelebt. Eine Lebenserfahrung, die mich bis heute pr\u00e4gt. F\u00fcr die Fotografie habe ich schon immer gebrannt. In Amerika habe ich mir meine erste Spiegelreflexkamera zugelegt, danach ging der Spa\u00df erst richtig los. 2016 wurde meine Tochter geboren und stellte unser bisheriges Leben auf den Kopf. Nach einer Babypause von 2 Jahren habe ich meinen alten Job an den Nagel gehangen und alles auf die Fotografie gesetzt. Mit kleinen Schritten habe ich mich in die Selbstst\u00e4ndigkeit eingef\u00fchlt bis ich 2020 den endg\u00fcltig letzten und gr\u00f6\u00dften Schritt wagte und die Fotografie nun hauptberuflich betreibe. Bisher durfte ich Erfahrungen in den Bereichen der Kinder-, Familien-, Babybauch-, Newborn- und Hochzeitsfotografie sammeln. Mit bisher \u00fcber 100 begleiteten Hochzeiten und unz\u00e4hligen Fotoshootings mit P\u00e4rchen und Familien, blicke ich nun auf einen gro\u00dfen Erfahrungs- und Wissensschatz zur\u00fcck. Ich bin in der Hochzeitsbranche gut vernetzt und tausche mich regelm\u00e4\u00dfig mit Kollegen aus. Au\u00dferdem besuche ich jedes Jahr mindestens einen Portfolio Day, diese habe ich ebenfalls schon selbst organisiert, oder buche Coachings bei anderen Kollegen und Mentoren. Ich bin der Meinung das man sich immer weiter entwickeln kann und nicht auf der Stelle stehen bleiben sollte. Ich arbeite sehr strukturiert und lege mich f\u00fcr jedes einzelne Fotoshooting ins Zeug. Daf\u00fcr ist mir auch kein Weg zu weit. Ich reise f\u00fcr euch durch ganz NRW, ganz Deutschland und auch ins Ausland. Erfahrungen habe ich bereits in den Niederlanden, Paris und London sammeln d\u00fcrfen. Lasst uns gemeinsam Erinnerungen schaffen, die von unsch\u00e4tzbarem Wert und unbezahlbar sind.\",\"sameAs\":[\"https:\\\/\\\/melanie-nguyen.de\",\"https:\\\/\\\/www.facebook.com\\\/MelanieNguyenPhotography\\\/\",\"https:\\\/\\\/www.instagram.com\\\/melanie_nguyen_photography\\\/\"]}]}<\/script>\n<!-- \/ Yoast SEO plugin. -->","yoast_head_json":{"title":"Imprint - Melanie Nguyen Photography","robots":{"index":"index","follow":"follow","max-snippet":"max-snippet:-1","max-image-preview":"max-image-preview:large","max-video-preview":"max-video-preview:-1"},"canonical":"https:\/\/melanie-nguyen.de\/en\/imprint\/","og_locale":"en_US","og_type":"article","og_title":"Imprint - Melanie Nguyen Photography","og_description":"Imprint Information according to \u00a7 5 TMG (German Telemedia Act) Melanie Nguyen In Geneiken 39 41812 Erkelenz (Germany) Contact E-mail: hallo@melanie-nguyen.de Phone: 01578 7268708 Liability for content As a service provider, we are responsible for our own content on these pages in accordance with Section 7 (1) TMG (German Telemedia Act) and general legislation. According [&hellip;]","og_url":"https:\/\/melanie-nguyen.de\/en\/imprint\/","og_site_name":"Melanie Nguyen Photography","article_publisher":"https:\/\/www.facebook.com\/MelanieNguyenPhotography\/","article_modified_time":"2025-06-23T16:23:53+00:00","twitter_card":"summary_large_image","twitter_misc":{"Est. reading time":"2 minutes"},"schema":{"@context":"https:\/\/schema.org","@graph":[{"@type":"WebPage","@id":"https:\/\/melanie-nguyen.de\/en\/imprint\/","url":"https:\/\/melanie-nguyen.de\/en\/imprint\/","name":"Imprint - Melanie Nguyen Photography","isPartOf":{"@id":"https:\/\/melanie-nguyen.de\/en\/#website"},"datePublished":"2022-04-29T13:40:29+00:00","dateModified":"2025-06-23T16:23:53+00:00","breadcrumb":{"@id":"https:\/\/melanie-nguyen.de\/en\/imprint\/#breadcrumb"},"inLanguage":"en-US","potentialAction":[{"@type":"ReadAction","target":["https:\/\/melanie-nguyen.de\/en\/imprint\/"]}]},{"@type":"BreadcrumbList","@id":"https:\/\/melanie-nguyen.de\/en\/imprint\/#breadcrumb","itemListElement":[{"@type":"ListItem","position":1,"name":"Startseite","item":"https:\/\/melanie-nguyen.de\/en\/melanie-nguyen-photography\/"},{"@type":"ListItem","position":2,"name":"Imprint"}]},{"@type":"WebSite","@id":"https:\/\/melanie-nguyen.de\/en\/#website","url":"https:\/\/melanie-nguyen.de\/en\/","name":"Melanie Nguyen Photography","description":"","publisher":{"@id":"https:\/\/melanie-nguyen.de\/en\/#\/schema\/person\/b405273d82090914503086b975486481"},"potentialAction":[{"@type":"SearchAction","target":{"@type":"EntryPoint","urlTemplate":"https:\/\/melanie-nguyen.de\/en\/?s={search_term_string}"},"query-input":{"@type":"PropertyValueSpecification","valueRequired":true,"valueName":"search_term_string"}}],"inLanguage":"en-US"},{"@type":["Person","Organization"],"@id":"https:\/\/melanie-nguyen.de\/en\/#\/schema\/person\/b405273d82090914503086b975486481","name":"Melanie Nguyen","image":{"@type":"ImageObject","inLanguage":"en-US","@id":"https:\/\/melanie-nguyen.de\/wp-content\/uploads\/2022\/04\/cropped-melanie-nguyen-logo.png","url":"https:\/\/melanie-nguyen.de\/wp-content\/uploads\/2022\/04\/cropped-melanie-nguyen-logo.png","contentUrl":"https:\/\/melanie-nguyen.de\/wp-content\/uploads\/2022\/04\/cropped-melanie-nguyen-logo.png","width":1582,"height":452,"caption":"Melanie Nguyen"},"logo":{"@id":"https:\/\/melanie-nguyen.de\/wp-content\/uploads\/2022\/04\/cropped-melanie-nguyen-logo.png"},"description":"Liebevolle Mama, Ehefrau und leidenschaftliche Fotografin. Auch nach 15 gemeinsamen Jahren bin ich noch schwer verliebt in meinen Ehemann und k\u00f6nnte mich nicht gl\u00fccklicher sch\u00e4tzen, unseren wertvollsten Schatz zur Welt gebracht zu haben. Neben meiner Familie und der Fotografie liebe ich das Reisen und habe sogar f\u00fcr 2 Jahre in Amerika gelebt. Eine Lebenserfahrung, die mich bis heute pr\u00e4gt. F\u00fcr die Fotografie habe ich schon immer gebrannt. In Amerika habe ich mir meine erste Spiegelreflexkamera zugelegt, danach ging der Spa\u00df erst richtig los. 2016 wurde meine Tochter geboren und stellte unser bisheriges Leben auf den Kopf. Nach einer Babypause von 2 Jahren habe ich meinen alten Job an den Nagel gehangen und alles auf die Fotografie gesetzt. Mit kleinen Schritten habe ich mich in die Selbstst\u00e4ndigkeit eingef\u00fchlt bis ich 2020 den endg\u00fcltig letzten und gr\u00f6\u00dften Schritt wagte und die Fotografie nun hauptberuflich betreibe. Bisher durfte ich Erfahrungen in den Bereichen der Kinder-, Familien-, Babybauch-, Newborn- und Hochzeitsfotografie sammeln. Mit bisher \u00fcber 100 begleiteten Hochzeiten und unz\u00e4hligen Fotoshootings mit P\u00e4rchen und Familien, blicke ich nun auf einen gro\u00dfen Erfahrungs- und Wissensschatz zur\u00fcck. Ich bin in der Hochzeitsbranche gut vernetzt und tausche mich regelm\u00e4\u00dfig mit Kollegen aus. Au\u00dferdem besuche ich jedes Jahr mindestens einen Portfolio Day, diese habe ich ebenfalls schon selbst organisiert, oder buche Coachings bei anderen Kollegen und Mentoren. Ich bin der Meinung das man sich immer weiter entwickeln kann und nicht auf der Stelle stehen bleiben sollte. Ich arbeite sehr strukturiert und lege mich f\u00fcr jedes einzelne Fotoshooting ins Zeug. Daf\u00fcr ist mir auch kein Weg zu weit. Ich reise f\u00fcr euch durch ganz NRW, ganz Deutschland und auch ins Ausland. Erfahrungen habe ich bereits in den Niederlanden, Paris und London sammeln d\u00fcrfen. Lasst uns gemeinsam Erinnerungen schaffen, die von unsch\u00e4tzbarem Wert und unbezahlbar sind.","sameAs":["https:\/\/melanie-nguyen.de","https:\/\/www.facebook.com\/MelanieNguyenPhotography\/","https:\/\/www.instagram.com\/melanie_nguyen_photography\/"]}]}},"_links":{"self":[{"href":"https:\/\/melanie-nguyen.de\/en\/wp-json\/wp\/v2\/pages\/5432","targetHints":{"allow":["GET"]}}],"collection":[{"href":"https:\/\/melanie-nguyen.de\/en\/wp-json\/wp\/v2\/pages"}],"about":[{"href":"https:\/\/melanie-nguyen.de\/en\/wp-json\/wp\/v2\/types\/page"}],"author":[{"embeddable":true,"href":"https:\/\/melanie-nguyen.de\/en\/wp-json\/wp\/v2\/users\/1"}],"replies":[{"embeddable":true,"href":"https:\/\/melanie-nguyen.de\/en\/wp-json\/wp\/v2\/comments?post=5432"}],"version-history":[{"count":3,"href":"https:\/\/melanie-nguyen.de\/en\/wp-json\/wp\/v2\/pages\/5432\/revisions"}],"predecessor-version":[{"id":5511,"href":"https:\/\/melanie-nguyen.de\/en\/wp-json\/wp\/v2\/pages\/5432\/revisions\/5511"}],"wp:attachment":[{"href":"https:\/\/melanie-nguyen.de\/en\/wp-json\/wp\/v2\/media?parent=5432"}],"curies":[{"name":"wp","href":"https:\/\/api.w.org\/{rel}","templated":true}]}}