{"id":5486,"date":"2022-04-27T17:55:00","date_gmt":"2022-04-27T15:55:00","guid":{"rendered":"https:\/\/melanie-nguyen.de\/portfolio\/"},"modified":"2025-08-21T18:42:44","modified_gmt":"2025-08-21T16:42:44","slug":"portfolio","status":"publish","type":"page","link":"https:\/\/melanie-nguyen.de\/en\/portfolio\/","title":{"rendered":"Portfolio"},"content":{"rendered":"\t\t<div data-elementor-type=\"wp-page\" data-elementor-id=\"5486\" class=\"elementor elementor-5486 elementor-37\" data-elementor-post-type=\"page\">\n\t\t\t\t\t\t<section class=\"elementor-section elementor-top-section elementor-element elementor-element-b3ca758 elementor-section-boxed elementor-section-height-default elementor-section-height-default\" data-id=\"b3ca758\" data-element_type=\"section\" data-e-type=\"section\">\n\t\t\t\t\t\t<div class=\"elementor-container elementor-column-gap-default\">\n\t\t\t\t\t<div class=\"elementor-column elementor-col-100 elementor-top-column elementor-element elementor-element-03acc34\" data-id=\"03acc34\" data-element_type=\"column\" data-e-type=\"column\">\n\t\t\t<div class=\"elementor-widget-wrap elementor-element-populated\">\n\t\t\t\t\t\t<div class=\"elementor-element elementor-element-6141e39b elementor-invisible elementor-widget elementor-widget-heading\" data-id=\"6141e39b\" data-element_type=\"widget\" data-e-type=\"widget\" data-settings=\"{&quot;_animation&quot;:&quot;fadeIn&quot;}\" data-widget_type=\"heading.default\">\n\t\t\t\t<div class=\"elementor-widget-container\">\n\t\t\t\t\t<h2 class=\"elementor-heading-title elementor-size-default\">Portfolio  <\/h2>\t\t\t\t<\/div>\n\t\t\t\t<\/div>\n\t\t\t\t\t<\/div>\n\t\t<\/div>\n\t\t\t\t\t<\/div>\n\t\t<\/section>\n\t\t\t\t<section class=\"elementor-section elementor-top-section elementor-element elementor-element-e0e92f7 elementor-section-boxed elementor-section-height-default elementor-section-height-default\" data-id=\"e0e92f7\" data-element_type=\"section\" data-e-type=\"section\">\n\t\t\t\t\t\t<div class=\"elementor-container elementor-column-gap-default\">\n\t\t\t\t\t<div class=\"elementor-column elementor-col-100 elementor-top-column elementor-element elementor-element-16b7080\" data-id=\"16b7080\" data-element_type=\"column\" data-e-type=\"column\">\n\t\t\t<div class=\"elementor-widget-wrap elementor-element-populated\">\n\t\t\t\t\t\t<div class=\"elementor-element elementor-element-11f8e96f elementor-flip-box--effect-fade elementor-widget elementor-widget-flip-box\" data-id=\"11f8e96f\" data-element_type=\"widget\" data-e-type=\"widget\" data-widget_type=\"flip-box.default\">\n\t\t\t\t<div class=\"elementor-widget-container\">\n\t\t\t\t\t\t\t<div class=\"elementor-flip-box\" tabindex=\"0\">\n\t\t\t<div class=\"elementor-flip-box__layer elementor-flip-box__front\">\n\t\t\t\t<div class=\"elementor-flip-box__layer__overlay\">\n\t\t\t\t\t<div class=\"elementor-flip-box__layer__inner\">\n\t\t\t\t\t\t\n\t\t\t\t\t\t\t\t\t\t\t\t\t<h3 class=\"elementor-flip-box__layer__title\">\n\t\t\t\t\t\t\t\tCouples\t\t\t\t\t\t\t<\/h3>\n\t\t\t\t\t\t\n\t\t\t\t\t\t\t\t\t\t\t<\/div>\n\t\t\t\t<\/div>\n\t\t\t<\/div>\n\t\t\t<a class=\"elementor-flip-box__layer elementor-flip-box__back\" href=\"https:\/\/melanie-nguyen.de\/en\/couples\/\">\n\t\t\t<div class=\"elementor-flip-box__layer__overlay\">\n\t\t\t\t<div class=\"elementor-flip-box__layer__inner\">\n\t\t\t\t\t\t\t\t\t\t\t<h3 class=\"elementor-flip-box__layer__title\">\n\t\t\t\t\t\t\tCouples\t\t\t\t\t\t<\/h3>\n\t\t\t\t\t\n\t\t\t\t\t\n\t\t\t\t\t\t\t\t\t\t\t<span class=\"elementor-flip-box__button elementor-button elementor-size-sm\">\n\t\t\t\t\t\t\tView\t\t\t\t\t\t<\/span>\n\t\t\t\t\t\t\t\t<\/div>\n\t\t<\/div>\n\t\t<\/a>\n\t\t<\/div>\n\t\t\t\t\t\t<\/div>\n\t\t\t\t<\/div>\n\t\t\t\t\t<\/div>\n\t\t<\/div>\n\t\t\t\t\t<\/div>\n\t\t<\/section>\n\t\t\t\t<section class=\"elementor-section elementor-top-section elementor-element elementor-element-3b91257 elementor-section-boxed elementor-section-height-default elementor-section-height-default\" data-id=\"3b91257\" data-element_type=\"section\" data-e-type=\"section\">\n\t\t\t\t\t\t<div class=\"elementor-container elementor-column-gap-default\">\n\t\t\t\t\t<div class=\"elementor-column elementor-col-100 elementor-top-column elementor-element elementor-element-afddebc\" data-id=\"afddebc\" data-element_type=\"column\" data-e-type=\"column\">\n\t\t\t<div class=\"elementor-widget-wrap elementor-element-populated\">\n\t\t\t\t\t\t<div class=\"elementor-element elementor-element-7daa21d3 elementor-flip-box--effect-fade elementor-widget elementor-widget-flip-box\" data-id=\"7daa21d3\" data-element_type=\"widget\" data-e-type=\"widget\" data-widget_type=\"flip-box.default\">\n\t\t\t\t<div class=\"elementor-widget-container\">\n\t\t\t\t\t\t\t<div class=\"elementor-flip-box\" tabindex=\"0\">\n\t\t\t<div class=\"elementor-flip-box__layer elementor-flip-box__front\">\n\t\t\t\t<div class=\"elementor-flip-box__layer__overlay\">\n\t\t\t\t\t<div class=\"elementor-flip-box__layer__inner\">\n\t\t\t\t\t\t\t\t\t\t\t\t\t<div class=\"elementor-icon-wrapper elementor-view-default\">\n\t\t\t\t\t\t\t\t<div class=\"elementor-icon\">\n\t\t\t\t\t\t\t\t\t\t\t\t\t\t\t\t\t<\/div>\n\t\t\t\t\t\t\t<\/div>\n\t\t\t\t\t\t\n\t\t\t\t\t\t\t\t\t\t\t\t\t<h3 class=\"elementor-flip-box__layer__title\">\n\t\t\t\t\t\t\t\tWeddings\t\t\t\t\t\t\t<\/h3>\n\t\t\t\t\t\t\n\t\t\t\t\t\t\t\t\t\t\t<\/div>\n\t\t\t\t<\/div>\n\t\t\t<\/div>\n\t\t\t<a class=\"elementor-flip-box__layer elementor-flip-box__back\" href=\"https:\/\/melanie-nguyen.de\/en\/weddings\/\">\n\t\t\t<div class=\"elementor-flip-box__layer__overlay\">\n\t\t\t\t<div class=\"elementor-flip-box__layer__inner\">\n\t\t\t\t\t\t\t\t\t\t\t<h3 class=\"elementor-flip-box__layer__title\">\n\t\t\t\t\t\t\tWeddings\t\t\t\t\t\t<\/h3>\n\t\t\t\t\t\n\t\t\t\t\t\n\t\t\t\t\t\t\t\t\t\t\t<span class=\"elementor-flip-box__button elementor-button elementor-size-sm\">\n\t\t\t\t\t\t\tView\t\t\t\t\t\t<\/span>\n\t\t\t\t\t\t\t\t<\/div>\n\t\t<\/div>\n\t\t<\/a>\n\t\t<\/div>\n\t\t\t\t\t\t<\/div>\n\t\t\t\t<\/div>\n\t\t\t\t\t<\/div>\n\t\t<\/div>\n\t\t\t\t\t<\/div>\n\t\t<\/section>\n\t\t\t\t<section class=\"elementor-section elementor-top-section elementor-element elementor-element-fa4acba elementor-section-boxed elementor-section-height-default elementor-section-height-default\" data-id=\"fa4acba\" data-element_type=\"section\" data-e-type=\"section\">\n\t\t\t\t\t\t<div class=\"elementor-container elementor-column-gap-default\">\n\t\t\t\t\t<div class=\"elementor-column elementor-col-100 elementor-top-column elementor-element elementor-element-615260b\" data-id=\"615260b\" data-element_type=\"column\" data-e-type=\"column\">\n\t\t\t<div class=\"elementor-widget-wrap elementor-element-populated\">\n\t\t\t\t\t\t<div class=\"elementor-element elementor-element-5045fc3d elementor-flip-box--effect-fade elementor-widget elementor-widget-flip-box\" data-id=\"5045fc3d\" data-element_type=\"widget\" data-e-type=\"widget\" data-widget_type=\"flip-box.default\">\n\t\t\t\t<div class=\"elementor-widget-container\">\n\t\t\t\t\t\t\t<div class=\"elementor-flip-box\" tabindex=\"0\">\n\t\t\t<div class=\"elementor-flip-box__layer elementor-flip-box__front\">\n\t\t\t\t<div class=\"elementor-flip-box__layer__overlay\">\n\t\t\t\t\t<div class=\"elementor-flip-box__layer__inner\">\n\t\t\t\t\t\t\t\t\t\t\t\t\t<div class=\"elementor-icon-wrapper elementor-view-default\">\n\t\t\t\t\t\t\t\t<div class=\"elementor-icon\">\n\t\t\t\t\t\t\t\t\t\t\t\t\t\t\t\t\t<\/div>\n\t\t\t\t\t\t\t<\/div>\n\t\t\t\t\t\t\n\t\t\t\t\t\t\t\t\t\t\t\t\t<h3 class=\"elementor-flip-box__layer__title\">\n\t\t\t\t\t\t\t\tBaby bump\t\t\t\t\t\t\t<\/h3>\n\t\t\t\t\t\t\n\t\t\t\t\t\t\t\t\t\t\t<\/div>\n\t\t\t\t<\/div>\n\t\t\t<\/div>\n\t\t\t<a class=\"elementor-flip-box__layer elementor-flip-box__back\" href=\"https:\/\/melanie-nguyen.de\/en\/baby-bump\/\">\n\t\t\t<div class=\"elementor-flip-box__layer__overlay\">\n\t\t\t\t<div class=\"elementor-flip-box__layer__inner\">\n\t\t\t\t\t\t\t\t\t\t\t<h3 class=\"elementor-flip-box__layer__title\">\n\t\t\t\t\t\t\tBaby bump\t\t\t\t\t\t<\/h3>\n\t\t\t\t\t\n\t\t\t\t\t\n\t\t\t\t\t\t\t\t\t\t\t<span class=\"elementor-flip-box__button elementor-button elementor-size-sm\">\n\t\t\t\t\t\t\tView\t\t\t\t\t\t<\/span>\n\t\t\t\t\t\t\t\t<\/div>\n\t\t<\/div>\n\t\t<\/a>\n\t\t<\/div>\n\t\t\t\t\t\t<\/div>\n\t\t\t\t<\/div>\n\t\t\t\t\t<\/div>\n\t\t<\/div>\n\t\t\t\t\t<\/div>\n\t\t<\/section>\n\t\t\t\t<section class=\"elementor-section elementor-top-section elementor-element elementor-element-49cc444 elementor-section-boxed elementor-section-height-default elementor-section-height-default\" data-id=\"49cc444\" data-element_type=\"section\" data-e-type=\"section\">\n\t\t\t\t\t\t<div class=\"elementor-container elementor-column-gap-default\">\n\t\t\t\t\t<div class=\"elementor-column elementor-col-100 elementor-top-column elementor-element elementor-element-e990fdb\" data-id=\"e990fdb\" data-element_type=\"column\" data-e-type=\"column\">\n\t\t\t<div class=\"elementor-widget-wrap elementor-element-populated\">\n\t\t\t\t\t\t<div class=\"elementor-element elementor-element-55eccf02 elementor-flip-box--effect-fade elementor-widget elementor-widget-flip-box\" data-id=\"55eccf02\" data-element_type=\"widget\" data-e-type=\"widget\" data-widget_type=\"flip-box.default\">\n\t\t\t\t<div class=\"elementor-widget-container\">\n\t\t\t\t\t\t\t<div class=\"elementor-flip-box\" tabindex=\"0\">\n\t\t\t<div class=\"elementor-flip-box__layer elementor-flip-box__front\">\n\t\t\t\t<div class=\"elementor-flip-box__layer__overlay\">\n\t\t\t\t\t<div class=\"elementor-flip-box__layer__inner\">\n\t\t\t\t\t\t\t\t\t\t\t\t\t<div class=\"elementor-icon-wrapper elementor-view-default\">\n\t\t\t\t\t\t\t\t<div class=\"elementor-icon\">\n\t\t\t\t\t\t\t\t\t\t\t\t\t\t\t\t\t<\/div>\n\t\t\t\t\t\t\t<\/div>\n\t\t\t\t\t\t\n\t\t\t\t\t\t\t\t\t\t\t\t\t<h3 class=\"elementor-flip-box__layer__title\">\n\t\t\t\t\t\t\t\tNewborn\t\t\t\t\t\t\t<\/h3>\n\t\t\t\t\t\t\n\t\t\t\t\t\t\t\t\t\t\t<\/div>\n\t\t\t\t<\/div>\n\t\t\t<\/div>\n\t\t\t<a class=\"elementor-flip-box__layer elementor-flip-box__back\" href=\"https:\/\/melanie-nguyen.de\/en\/newborn\/\">\n\t\t\t<div class=\"elementor-flip-box__layer__overlay\">\n\t\t\t\t<div class=\"elementor-flip-box__layer__inner\">\n\t\t\t\t\t\t\t\t\t\t\t<h3 class=\"elementor-flip-box__layer__title\">\n\t\t\t\t\t\t\tNewborn\t\t\t\t\t\t<\/h3>\n\t\t\t\t\t\n\t\t\t\t\t\n\t\t\t\t\t\t\t\t\t\t\t<span class=\"elementor-flip-box__button elementor-button elementor-size-sm\">\n\t\t\t\t\t\t\tView\t\t\t\t\t\t<\/span>\n\t\t\t\t\t\t\t\t<\/div>\n\t\t<\/div>\n\t\t<\/a>\n\t\t<\/div>\n\t\t\t\t\t\t<\/div>\n\t\t\t\t<\/div>\n\t\t\t\t\t<\/div>\n\t\t<\/div>\n\t\t\t\t\t<\/div>\n\t\t<\/section>\n\t\t\t\t<section class=\"elementor-section elementor-top-section elementor-element elementor-element-1b906dd elementor-section-boxed elementor-section-height-default elementor-section-height-default\" data-id=\"1b906dd\" data-element_type=\"section\" data-e-type=\"section\">\n\t\t\t\t\t\t<div class=\"elementor-container elementor-column-gap-default\">\n\t\t\t\t\t<div class=\"elementor-column elementor-col-100 elementor-top-column elementor-element elementor-element-eaf3b58\" data-id=\"eaf3b58\" data-element_type=\"column\" data-e-type=\"column\">\n\t\t\t<div class=\"elementor-widget-wrap elementor-element-populated\">\n\t\t\t\t\t\t<div class=\"elementor-element elementor-element-1af2651 elementor-flip-box--effect-fade elementor-widget elementor-widget-flip-box\" data-id=\"1af2651\" data-element_type=\"widget\" data-e-type=\"widget\" data-widget_type=\"flip-box.default\">\n\t\t\t\t<div class=\"elementor-widget-container\">\n\t\t\t\t\t\t\t<div class=\"elementor-flip-box\" tabindex=\"0\">\n\t\t\t<div class=\"elementor-flip-box__layer elementor-flip-box__front\">\n\t\t\t\t<div class=\"elementor-flip-box__layer__overlay\">\n\t\t\t\t\t<div class=\"elementor-flip-box__layer__inner\">\n\t\t\t\t\t\t\t\t\t\t\t\t\t<div class=\"elementor-icon-wrapper elementor-view-default\">\n\t\t\t\t\t\t\t\t<div class=\"elementor-icon\">\n\t\t\t\t\t\t\t\t\t\t\t\t\t\t\t\t\t<\/div>\n\t\t\t\t\t\t\t<\/div>\n\t\t\t\t\t\t\n\t\t\t\t\t\t\t\t\t\t\t\t\t<h3 class=\"elementor-flip-box__layer__title\">\n\t\t\t\t\t\t\t\tFamily\t\t\t\t\t\t\t<\/h3>\n\t\t\t\t\t\t\n\t\t\t\t\t\t\t\t\t\t\t<\/div>\n\t\t\t\t<\/div>\n\t\t\t<\/div>\n\t\t\t<a class=\"elementor-flip-box__layer elementor-flip-box__back\" href=\"https:\/\/melanie-nguyen.de\/en\/family\/\">\n\t\t\t<div class=\"elementor-flip-box__layer__overlay\">\n\t\t\t\t<div class=\"elementor-flip-box__layer__inner\">\n\t\t\t\t\t\t\t\t\t\t\t<h3 class=\"elementor-flip-box__layer__title\">\n\t\t\t\t\t\t\tFamily\t\t\t\t\t\t<\/h3>\n\t\t\t\t\t\n\t\t\t\t\t\n\t\t\t\t\t\t\t\t\t\t\t<span class=\"elementor-flip-box__button elementor-button elementor-size-sm\">\n\t\t\t\t\t\t\tView\t\t\t\t\t\t<\/span>\n\t\t\t\t\t\t\t\t<\/div>\n\t\t<\/div>\n\t\t<\/a>\n\t\t<\/div>\n\t\t\t\t\t\t<\/div>\n\t\t\t\t<\/div>\n\t\t\t\t\t<\/div>\n\t\t<\/div>\n\t\t\t\t\t<\/div>\n\t\t<\/section>\n\t\t\t\t<\/div>\n\t\t","protected":false},"excerpt":{"rendered":"<p>Portfolio Couples Couples View Weddings Weddings View Baby bump Baby bump View Newborn Newborn View Family Family View<\/p>\n","protected":false},"author":1,"featured_media":0,"parent":0,"menu_order":0,"comment_status":"closed","ping_status":"closed","template":"","meta":{"footnotes":""},"class_list":["post-5486","page","type-page","status-publish","hentry"],"yoast_head":"<!-- This site is optimized with the Yoast SEO plugin v27.4 - https:\/\/yoast.com\/product\/yoast-seo-wordpress\/ -->\n<title>Portfolio - Melanie Nguyen Photography<\/title>\n<meta name=\"robots\" content=\"index, follow, max-snippet:-1, max-image-preview:large, max-video-preview:-1\" \/>\n<link rel=\"canonical\" href=\"https:\/\/melanie-nguyen.de\/en\/portfolio\/\" \/>\n<meta property=\"og:locale\" content=\"en_US\" \/>\n<meta property=\"og:type\" content=\"article\" \/>\n<meta property=\"og:title\" content=\"Portfolio - Melanie Nguyen Photography\" \/>\n<meta property=\"og:description\" content=\"Portfolio Couples Couples View Weddings Weddings View Baby bump Baby bump View Newborn Newborn View Family Family View\" \/>\n<meta property=\"og:url\" content=\"https:\/\/melanie-nguyen.de\/en\/portfolio\/\" \/>\n<meta property=\"og:site_name\" content=\"Melanie Nguyen Photography\" \/>\n<meta property=\"article:publisher\" content=\"https:\/\/www.facebook.com\/MelanieNguyenPhotography\/\" \/>\n<meta property=\"article:modified_time\" content=\"2025-08-21T16:42:44+00:00\" \/>\n<meta name=\"twitter:card\" content=\"summary_large_image\" \/>\n<script type=\"application\/ld+json\" class=\"yoast-schema-graph\">{\"@context\":\"https:\\\/\\\/schema.org\",\"@graph\":[{\"@type\":\"WebPage\",\"@id\":\"https:\\\/\\\/melanie-nguyen.de\\\/en\\\/portfolio\\\/\",\"url\":\"https:\\\/\\\/melanie-nguyen.de\\\/en\\\/portfolio\\\/\",\"name\":\"Portfolio - Melanie Nguyen Photography\",\"isPartOf\":{\"@id\":\"https:\\\/\\\/melanie-nguyen.de\\\/en\\\/#website\"},\"datePublished\":\"2022-04-27T15:55:00+00:00\",\"dateModified\":\"2025-08-21T16:42:44+00:00\",\"breadcrumb\":{\"@id\":\"https:\\\/\\\/melanie-nguyen.de\\\/en\\\/portfolio\\\/#breadcrumb\"},\"inLanguage\":\"en-US\",\"potentialAction\":[{\"@type\":\"ReadAction\",\"target\":[\"https:\\\/\\\/melanie-nguyen.de\\\/en\\\/portfolio\\\/\"]}]},{\"@type\":\"BreadcrumbList\",\"@id\":\"https:\\\/\\\/melanie-nguyen.de\\\/en\\\/portfolio\\\/#breadcrumb\",\"itemListElement\":[{\"@type\":\"ListItem\",\"position\":1,\"name\":\"Startseite\",\"item\":\"https:\\\/\\\/melanie-nguyen.de\\\/en\\\/melanie-nguyen-photography\\\/\"},{\"@type\":\"ListItem\",\"position\":2,\"name\":\"Portfolio\"}]},{\"@type\":\"WebSite\",\"@id\":\"https:\\\/\\\/melanie-nguyen.de\\\/en\\\/#website\",\"url\":\"https:\\\/\\\/melanie-nguyen.de\\\/en\\\/\",\"name\":\"Melanie Nguyen Photography\",\"description\":\"\",\"publisher\":{\"@id\":\"https:\\\/\\\/melanie-nguyen.de\\\/en\\\/#\\\/schema\\\/person\\\/b405273d82090914503086b975486481\"},\"potentialAction\":[{\"@type\":\"SearchAction\",\"target\":{\"@type\":\"EntryPoint\",\"urlTemplate\":\"https:\\\/\\\/melanie-nguyen.de\\\/en\\\/?s={search_term_string}\"},\"query-input\":{\"@type\":\"PropertyValueSpecification\",\"valueRequired\":true,\"valueName\":\"search_term_string\"}}],\"inLanguage\":\"en-US\"},{\"@type\":[\"Person\",\"Organization\"],\"@id\":\"https:\\\/\\\/melanie-nguyen.de\\\/en\\\/#\\\/schema\\\/person\\\/b405273d82090914503086b975486481\",\"name\":\"Melanie Nguyen\",\"image\":{\"@type\":\"ImageObject\",\"inLanguage\":\"en-US\",\"@id\":\"https:\\\/\\\/melanie-nguyen.de\\\/wp-content\\\/uploads\\\/2022\\\/04\\\/cropped-melanie-nguyen-logo.png\",\"url\":\"https:\\\/\\\/melanie-nguyen.de\\\/wp-content\\\/uploads\\\/2022\\\/04\\\/cropped-melanie-nguyen-logo.png\",\"contentUrl\":\"https:\\\/\\\/melanie-nguyen.de\\\/wp-content\\\/uploads\\\/2022\\\/04\\\/cropped-melanie-nguyen-logo.png\",\"width\":1582,\"height\":452,\"caption\":\"Melanie Nguyen\"},\"logo\":{\"@id\":\"https:\\\/\\\/melanie-nguyen.de\\\/wp-content\\\/uploads\\\/2022\\\/04\\\/cropped-melanie-nguyen-logo.png\"},\"description\":\"Liebevolle Mama, Ehefrau und leidenschaftliche Fotografin. Auch nach 15 gemeinsamen Jahren bin ich noch schwer verliebt in meinen Ehemann und k\u00f6nnte mich nicht gl\u00fccklicher sch\u00e4tzen, unseren wertvollsten Schatz zur Welt gebracht zu haben. Neben meiner Familie und der Fotografie liebe ich das Reisen und habe sogar f\u00fcr 2 Jahre in Amerika gelebt. Eine Lebenserfahrung, die mich bis heute pr\u00e4gt. F\u00fcr die Fotografie habe ich schon immer gebrannt. In Amerika habe ich mir meine erste Spiegelreflexkamera zugelegt, danach ging der Spa\u00df erst richtig los. 2016 wurde meine Tochter geboren und stellte unser bisheriges Leben auf den Kopf. Nach einer Babypause von 2 Jahren habe ich meinen alten Job an den Nagel gehangen und alles auf die Fotografie gesetzt. Mit kleinen Schritten habe ich mich in die Selbstst\u00e4ndigkeit eingef\u00fchlt bis ich 2020 den endg\u00fcltig letzten und gr\u00f6\u00dften Schritt wagte und die Fotografie nun hauptberuflich betreibe. Bisher durfte ich Erfahrungen in den Bereichen der Kinder-, Familien-, Babybauch-, Newborn- und Hochzeitsfotografie sammeln. Mit bisher \u00fcber 100 begleiteten Hochzeiten und unz\u00e4hligen Fotoshootings mit P\u00e4rchen und Familien, blicke ich nun auf einen gro\u00dfen Erfahrungs- und Wissensschatz zur\u00fcck. Ich bin in der Hochzeitsbranche gut vernetzt und tausche mich regelm\u00e4\u00dfig mit Kollegen aus. Au\u00dferdem besuche ich jedes Jahr mindestens einen Portfolio Day, diese habe ich ebenfalls schon selbst organisiert, oder buche Coachings bei anderen Kollegen und Mentoren. Ich bin der Meinung das man sich immer weiter entwickeln kann und nicht auf der Stelle stehen bleiben sollte. Ich arbeite sehr strukturiert und lege mich f\u00fcr jedes einzelne Fotoshooting ins Zeug. Daf\u00fcr ist mir auch kein Weg zu weit. Ich reise f\u00fcr euch durch ganz NRW, ganz Deutschland und auch ins Ausland. Erfahrungen habe ich bereits in den Niederlanden, Paris und London sammeln d\u00fcrfen. Lasst uns gemeinsam Erinnerungen schaffen, die von unsch\u00e4tzbarem Wert und unbezahlbar sind.\",\"sameAs\":[\"https:\\\/\\\/melanie-nguyen.de\",\"https:\\\/\\\/www.facebook.com\\\/MelanieNguyenPhotography\\\/\",\"https:\\\/\\\/www.instagram.com\\\/melanie_nguyen_photography\\\/\"]}]}<\/script>\n<!-- \/ Yoast SEO plugin. -->","yoast_head_json":{"title":"Portfolio - Melanie Nguyen Photography","robots":{"index":"index","follow":"follow","max-snippet":"max-snippet:-1","max-image-preview":"max-image-preview:large","max-video-preview":"max-video-preview:-1"},"canonical":"https:\/\/melanie-nguyen.de\/en\/portfolio\/","og_locale":"en_US","og_type":"article","og_title":"Portfolio - Melanie Nguyen Photography","og_description":"Portfolio Couples Couples View Weddings Weddings View Baby bump Baby bump View Newborn Newborn View Family Family View","og_url":"https:\/\/melanie-nguyen.de\/en\/portfolio\/","og_site_name":"Melanie Nguyen Photography","article_publisher":"https:\/\/www.facebook.com\/MelanieNguyenPhotography\/","article_modified_time":"2025-08-21T16:42:44+00:00","twitter_card":"summary_large_image","schema":{"@context":"https:\/\/schema.org","@graph":[{"@type":"WebPage","@id":"https:\/\/melanie-nguyen.de\/en\/portfolio\/","url":"https:\/\/melanie-nguyen.de\/en\/portfolio\/","name":"Portfolio - Melanie Nguyen Photography","isPartOf":{"@id":"https:\/\/melanie-nguyen.de\/en\/#website"},"datePublished":"2022-04-27T15:55:00+00:00","dateModified":"2025-08-21T16:42:44+00:00","breadcrumb":{"@id":"https:\/\/melanie-nguyen.de\/en\/portfolio\/#breadcrumb"},"inLanguage":"en-US","potentialAction":[{"@type":"ReadAction","target":["https:\/\/melanie-nguyen.de\/en\/portfolio\/"]}]},{"@type":"BreadcrumbList","@id":"https:\/\/melanie-nguyen.de\/en\/portfolio\/#breadcrumb","itemListElement":[{"@type":"ListItem","position":1,"name":"Startseite","item":"https:\/\/melanie-nguyen.de\/en\/melanie-nguyen-photography\/"},{"@type":"ListItem","position":2,"name":"Portfolio"}]},{"@type":"WebSite","@id":"https:\/\/melanie-nguyen.de\/en\/#website","url":"https:\/\/melanie-nguyen.de\/en\/","name":"Melanie Nguyen Photography","description":"","publisher":{"@id":"https:\/\/melanie-nguyen.de\/en\/#\/schema\/person\/b405273d82090914503086b975486481"},"potentialAction":[{"@type":"SearchAction","target":{"@type":"EntryPoint","urlTemplate":"https:\/\/melanie-nguyen.de\/en\/?s={search_term_string}"},"query-input":{"@type":"PropertyValueSpecification","valueRequired":true,"valueName":"search_term_string"}}],"inLanguage":"en-US"},{"@type":["Person","Organization"],"@id":"https:\/\/melanie-nguyen.de\/en\/#\/schema\/person\/b405273d82090914503086b975486481","name":"Melanie Nguyen","image":{"@type":"ImageObject","inLanguage":"en-US","@id":"https:\/\/melanie-nguyen.de\/wp-content\/uploads\/2022\/04\/cropped-melanie-nguyen-logo.png","url":"https:\/\/melanie-nguyen.de\/wp-content\/uploads\/2022\/04\/cropped-melanie-nguyen-logo.png","contentUrl":"https:\/\/melanie-nguyen.de\/wp-content\/uploads\/2022\/04\/cropped-melanie-nguyen-logo.png","width":1582,"height":452,"caption":"Melanie Nguyen"},"logo":{"@id":"https:\/\/melanie-nguyen.de\/wp-content\/uploads\/2022\/04\/cropped-melanie-nguyen-logo.png"},"description":"Liebevolle Mama, Ehefrau und leidenschaftliche Fotografin. Auch nach 15 gemeinsamen Jahren bin ich noch schwer verliebt in meinen Ehemann und k\u00f6nnte mich nicht gl\u00fccklicher sch\u00e4tzen, unseren wertvollsten Schatz zur Welt gebracht zu haben. Neben meiner Familie und der Fotografie liebe ich das Reisen und habe sogar f\u00fcr 2 Jahre in Amerika gelebt. Eine Lebenserfahrung, die mich bis heute pr\u00e4gt. F\u00fcr die Fotografie habe ich schon immer gebrannt. In Amerika habe ich mir meine erste Spiegelreflexkamera zugelegt, danach ging der Spa\u00df erst richtig los. 2016 wurde meine Tochter geboren und stellte unser bisheriges Leben auf den Kopf. Nach einer Babypause von 2 Jahren habe ich meinen alten Job an den Nagel gehangen und alles auf die Fotografie gesetzt. Mit kleinen Schritten habe ich mich in die Selbstst\u00e4ndigkeit eingef\u00fchlt bis ich 2020 den endg\u00fcltig letzten und gr\u00f6\u00dften Schritt wagte und die Fotografie nun hauptberuflich betreibe. Bisher durfte ich Erfahrungen in den Bereichen der Kinder-, Familien-, Babybauch-, Newborn- und Hochzeitsfotografie sammeln. Mit bisher \u00fcber 100 begleiteten Hochzeiten und unz\u00e4hligen Fotoshootings mit P\u00e4rchen und Familien, blicke ich nun auf einen gro\u00dfen Erfahrungs- und Wissensschatz zur\u00fcck. Ich bin in der Hochzeitsbranche gut vernetzt und tausche mich regelm\u00e4\u00dfig mit Kollegen aus. Au\u00dferdem besuche ich jedes Jahr mindestens einen Portfolio Day, diese habe ich ebenfalls schon selbst organisiert, oder buche Coachings bei anderen Kollegen und Mentoren. Ich bin der Meinung das man sich immer weiter entwickeln kann und nicht auf der Stelle stehen bleiben sollte. Ich arbeite sehr strukturiert und lege mich f\u00fcr jedes einzelne Fotoshooting ins Zeug. Daf\u00fcr ist mir auch kein Weg zu weit. Ich reise f\u00fcr euch durch ganz NRW, ganz Deutschland und auch ins Ausland. Erfahrungen habe ich bereits in den Niederlanden, Paris und London sammeln d\u00fcrfen. Lasst uns gemeinsam Erinnerungen schaffen, die von unsch\u00e4tzbarem Wert und unbezahlbar sind.","sameAs":["https:\/\/melanie-nguyen.de","https:\/\/www.facebook.com\/MelanieNguyenPhotography\/","https:\/\/www.instagram.com\/melanie_nguyen_photography\/"]}]}},"_links":{"self":[{"href":"https:\/\/melanie-nguyen.de\/en\/wp-json\/wp\/v2\/pages\/5486","targetHints":{"allow":["GET"]}}],"collection":[{"href":"https:\/\/melanie-nguyen.de\/en\/wp-json\/wp\/v2\/pages"}],"about":[{"href":"https:\/\/melanie-nguyen.de\/en\/wp-json\/wp\/v2\/types\/page"}],"author":[{"embeddable":true,"href":"https:\/\/melanie-nguyen.de\/en\/wp-json\/wp\/v2\/users\/1"}],"replies":[{"embeddable":true,"href":"https:\/\/melanie-nguyen.de\/en\/wp-json\/wp\/v2\/comments?post=5486"}],"version-history":[{"count":8,"href":"https:\/\/melanie-nguyen.de\/en\/wp-json\/wp\/v2\/pages\/5486\/revisions"}],"predecessor-version":[{"id":5576,"href":"https:\/\/melanie-nguyen.de\/en\/wp-json\/wp\/v2\/pages\/5486\/revisions\/5576"}],"wp:attachment":[{"href":"https:\/\/melanie-nguyen.de\/en\/wp-json\/wp\/v2\/media?parent=5486"}],"curies":[{"name":"wp","href":"https:\/\/api.w.org\/{rel}","templated":true}]}}