{"id":5528,"date":"2022-04-29T14:18:51","date_gmt":"2022-04-29T12:18:51","guid":{"rendered":"https:\/\/melanie-nguyen.de\/weddings\/"},"modified":"2025-08-19T13:39:21","modified_gmt":"2025-08-19T11:39:21","slug":"weddings","status":"publish","type":"page","link":"https:\/\/melanie-nguyen.de\/en\/weddings\/","title":{"rendered":"Weddings"},"content":{"rendered":"\t\t<div data-elementor-type=\"wp-page\" data-elementor-id=\"5528\" class=\"elementor elementor-5528 elementor-314\" data-elementor-post-type=\"page\">\n\t\t\t\t\t\t<section class=\"elementor-section elementor-top-section elementor-element elementor-element-7ae3d28 elementor-section-boxed elementor-section-height-default elementor-section-height-default\" data-id=\"7ae3d28\" data-element_type=\"section\" data-e-type=\"section\">\n\t\t\t\t\t\t<div class=\"elementor-container elementor-column-gap-default\">\n\t\t\t\t\t<div class=\"elementor-column elementor-col-100 elementor-top-column elementor-element elementor-element-c5bcd7f\" data-id=\"c5bcd7f\" data-element_type=\"column\" data-e-type=\"column\">\n\t\t\t<div class=\"elementor-widget-wrap elementor-element-populated\">\n\t\t\t\t\t\t<div class=\"elementor-element elementor-element-6c8b590 elementor-grid-eael-col-2 elementor-grid-tablet-eael-col-2 elementor-grid-mobile-eael-col-1 elementor-widget elementor-widget-eael-post-grid\" data-id=\"6c8b590\" data-element_type=\"widget\" data-e-type=\"widget\" data-settings=\"{&quot;eael_post_grid_columns&quot;:&quot;eael-col-2&quot;,&quot;eael_post_grid_columns_tablet&quot;:&quot;eael-col-2&quot;,&quot;eael_post_grid_columns_mobile&quot;:&quot;eael-col-1&quot;}\" data-widget_type=\"eael-post-grid.default\">\n\t\t\t\t<div class=\"elementor-widget-container\">\n\t\t\t\t\t<div id=\"eael-post-grid-6c8b590\" class=\"eael-post-grid-container\">\n            <div class=\"eael-post-grid eael-post-appender eael-post-appender-6c8b590 eael-post-grid-style-one\" data-layout-mode=\"masonry\"><article class=\"eael-grid-post  eael-post-grid-column eael-pg-post-5425 category-nicht-kategorisiert-weddings\" data-id=\"5425\">\n        <div class=\"eael-grid-post-holder\">\n            <div class=\"eael-grid-post-holder-inner\"><div class=\"eael-entry-media\"><div class=\"eael-entry-overlay fade-in\"><img decoding=\"async\" src=\"https:\/\/melanie-nguyen.de\/wp-content\/uploads\/2023\/01\/pfeil-rechts.svg\" alt=\"\" \/><a href=\"https:\/\/melanie-nguyen.de\/en\/lena-tin\/\"><\/a><\/div><div class=\"eael-entry-thumbnail \">\n                <img fetchpriority=\"high\" decoding=\"async\" width=\"2560\" height=\"1706\" src=\"https:\/\/melanie-nguyen.de\/wp-content\/uploads\/2025\/01\/Hochzeiten-31-1-scaled.jpg\" class=\"attachment-full size-full wp-image-5363\" alt=\"\" srcset=\"https:\/\/melanie-nguyen.de\/wp-content\/uploads\/2025\/01\/Hochzeiten-31-1-scaled.jpg 2560w, https:\/\/melanie-nguyen.de\/wp-content\/uploads\/2025\/01\/Hochzeiten-31-1-300x200.jpg 300w, https:\/\/melanie-nguyen.de\/wp-content\/uploads\/2025\/01\/Hochzeiten-31-1-1024x683.jpg 1024w, https:\/\/melanie-nguyen.de\/wp-content\/uploads\/2025\/01\/Hochzeiten-31-1-768x512.jpg 768w, https:\/\/melanie-nguyen.de\/wp-content\/uploads\/2025\/01\/Hochzeiten-31-1-1536x1024.jpg 1536w, https:\/\/melanie-nguyen.de\/wp-content\/uploads\/2025\/01\/Hochzeiten-31-1-2048x1365.jpg 2048w\" sizes=\"(max-width: 2560px) 100vw, 2560px\" \/>\n            <\/div>\n        <\/div><div class=\"eael-entry-wrapper\"><header class=\"eael-entry-header\"><h2 class=\"eael-entry-title\"><a class=\"eael-grid-post-link\" href=\"https:\/\/melanie-nguyen.de\/en\/lena-tin\/\" title=\"Lena &amp; Tin\">Lena &amp; Tin<\/a><\/h2><\/header><\/div><\/div>\n        <\/div>\n    <\/article><article class=\"eael-grid-post  eael-post-grid-column eael-pg-post-5424 category-nicht-kategorisiert-weddings\" data-id=\"5424\">\n        <div class=\"eael-grid-post-holder\">\n            <div class=\"eael-grid-post-holder-inner\"><div class=\"eael-entry-media\"><div class=\"eael-entry-overlay fade-in\"><img decoding=\"async\" src=\"https:\/\/melanie-nguyen.de\/wp-content\/uploads\/2023\/01\/pfeil-rechts.svg\" alt=\"\" \/><a href=\"https:\/\/melanie-nguyen.de\/en\/campaign-photo-shoot-with-the-brides-girlfriend\/\"><\/a><\/div><div class=\"eael-entry-thumbnail \">\n                <img decoding=\"async\" width=\"1707\" height=\"2560\" src=\"https:\/\/melanie-nguyen.de\/wp-content\/uploads\/2025\/01\/Melanie-Nguyen-Photography-617-scaled.jpg\" class=\"attachment-full size-full wp-image-5279\" alt=\"\" srcset=\"https:\/\/melanie-nguyen.de\/wp-content\/uploads\/2025\/01\/Melanie-Nguyen-Photography-617-scaled.jpg 1707w, https:\/\/melanie-nguyen.de\/wp-content\/uploads\/2025\/01\/Melanie-Nguyen-Photography-617-200x300.jpg 200w, https:\/\/melanie-nguyen.de\/wp-content\/uploads\/2025\/01\/Melanie-Nguyen-Photography-617-683x1024.jpg 683w, https:\/\/melanie-nguyen.de\/wp-content\/uploads\/2025\/01\/Melanie-Nguyen-Photography-617-768x1152.jpg 768w, https:\/\/melanie-nguyen.de\/wp-content\/uploads\/2025\/01\/Melanie-Nguyen-Photography-617-1024x1536.jpg 1024w, https:\/\/melanie-nguyen.de\/wp-content\/uploads\/2025\/01\/Melanie-Nguyen-Photography-617-1365x2048.jpg 1365w\" sizes=\"(max-width: 1707px) 100vw, 1707px\" \/>\n            <\/div>\n        <\/div><div class=\"eael-entry-wrapper\"><header class=\"eael-entry-header\"><h2 class=\"eael-entry-title\"><a class=\"eael-grid-post-link\" href=\"https:\/\/melanie-nguyen.de\/en\/campaign-photo-shoot-with-the-brides-girlfriend\/\" title=\"Campaign photo shoot with Brautfreundin\">Campaign photo shoot with Brautfreundin<\/a><\/h2><\/header><\/div><\/div>\n        <\/div>\n    <\/article><article class=\"eael-grid-post  eael-post-grid-column eael-pg-post-5408 category-nicht-kategorisiert-weddings\" data-id=\"5408\">\n        <div class=\"eael-grid-post-holder\">\n            <div class=\"eael-grid-post-holder-inner\"><div class=\"eael-entry-media\"><div class=\"eael-entry-overlay fade-in\"><img decoding=\"async\" src=\"https:\/\/melanie-nguyen.de\/wp-content\/uploads\/2023\/01\/pfeil-rechts.svg\" alt=\"\" \/><a href=\"https:\/\/melanie-nguyen.de\/en\/after-wedding-photo-shoot-in-paris\/\"><\/a><\/div><div class=\"eael-entry-thumbnail \">\n                <img decoding=\"async\" width=\"1706\" height=\"2560\" src=\"https:\/\/melanie-nguyen.de\/wp-content\/uploads\/2025\/01\/After-Wedding-4-scaled.jpg\" class=\"attachment-full size-full wp-image-5027\" alt=\"\" srcset=\"https:\/\/melanie-nguyen.de\/wp-content\/uploads\/2025\/01\/After-Wedding-4-scaled.jpg 1706w, https:\/\/melanie-nguyen.de\/wp-content\/uploads\/2025\/01\/After-Wedding-4-200x300.jpg 200w, https:\/\/melanie-nguyen.de\/wp-content\/uploads\/2025\/01\/After-Wedding-4-683x1024.jpg 683w, https:\/\/melanie-nguyen.de\/wp-content\/uploads\/2025\/01\/After-Wedding-4-768x1152.jpg 768w, https:\/\/melanie-nguyen.de\/wp-content\/uploads\/2025\/01\/After-Wedding-4-1024x1536.jpg 1024w, https:\/\/melanie-nguyen.de\/wp-content\/uploads\/2025\/01\/After-Wedding-4-1365x2048.jpg 1365w\" sizes=\"(max-width: 1706px) 100vw, 1706px\" \/>\n            <\/div>\n        <\/div><div class=\"eael-entry-wrapper\"><header class=\"eael-entry-header\"><h2 class=\"eael-entry-title\"><a class=\"eael-grid-post-link\" href=\"https:\/\/melanie-nguyen.de\/en\/after-wedding-photo-shoot-in-paris\/\" title=\"After wedding photo shoot in Paris\">After wedding photo shoot in Paris<\/a><\/h2><\/header><\/div><\/div>\n        <\/div>\n    <\/article><article class=\"eael-grid-post  eael-post-grid-column eael-pg-post-5409 category-nicht-kategorisiert-weddings\" data-id=\"5409\">\n        <div class=\"eael-grid-post-holder\">\n            <div class=\"eael-grid-post-holder-inner\"><div class=\"eael-entry-media\"><div class=\"eael-entry-overlay fade-in\"><img decoding=\"async\" src=\"https:\/\/melanie-nguyen.de\/wp-content\/uploads\/2023\/01\/pfeil-rechts.svg\" alt=\"\" \/><a href=\"https:\/\/melanie-nguyen.de\/en\/styled-shoot-in-london\/\"><\/a><\/div><div class=\"eael-entry-thumbnail \">\n                <img loading=\"lazy\" decoding=\"async\" width=\"2560\" height=\"1706\" src=\"https:\/\/melanie-nguyen.de\/wp-content\/uploads\/2023\/12\/Wedding-26-scaled.jpg\" class=\"attachment-full size-full wp-image-4914\" alt=\"\" srcset=\"https:\/\/melanie-nguyen.de\/wp-content\/uploads\/2023\/12\/Wedding-26-scaled.jpg 2560w, https:\/\/melanie-nguyen.de\/wp-content\/uploads\/2023\/12\/Wedding-26-300x200.jpg 300w, https:\/\/melanie-nguyen.de\/wp-content\/uploads\/2023\/12\/Wedding-26-1024x683.jpg 1024w, https:\/\/melanie-nguyen.de\/wp-content\/uploads\/2023\/12\/Wedding-26-768x512.jpg 768w, https:\/\/melanie-nguyen.de\/wp-content\/uploads\/2023\/12\/Wedding-26-1536x1024.jpg 1536w, https:\/\/melanie-nguyen.de\/wp-content\/uploads\/2023\/12\/Wedding-26-2048x1365.jpg 2048w\" sizes=\"(max-width: 2560px) 100vw, 2560px\" \/>\n            <\/div>\n        <\/div><div class=\"eael-entry-wrapper\"><header class=\"eael-entry-header\"><h2 class=\"eael-entry-title\"><a class=\"eael-grid-post-link\" href=\"https:\/\/melanie-nguyen.de\/en\/styled-shoot-in-london\/\" title=\"Styled shoot in London\">Styled shoot in London<\/a><\/h2><\/header><\/div><\/div>\n        <\/div>\n    <\/article><article class=\"eael-grid-post  eael-post-grid-column eael-pg-post-5436 category-nicht-kategorisiert-weddings\" data-id=\"5436\">\n        <div class=\"eael-grid-post-holder\">\n            <div class=\"eael-grid-post-holder-inner\"><div class=\"eael-entry-media\"><div class=\"eael-entry-overlay fade-in\"><img decoding=\"async\" src=\"https:\/\/melanie-nguyen.de\/wp-content\/uploads\/2023\/01\/pfeil-rechts.svg\" alt=\"\" \/><a href=\"https:\/\/melanie-nguyen.de\/en\/larissa-and-yunus\/\"><\/a><\/div><div class=\"eael-entry-thumbnail \">\n                <img loading=\"lazy\" decoding=\"async\" width=\"2560\" height=\"1707\" src=\"https:\/\/melanie-nguyen.de\/wp-content\/uploads\/2022\/10\/Larissa-Yunus-142-scaled.jpg\" class=\"attachment-full size-full wp-image-3897\" alt=\"Hochzeitsfoto von standesamtlicher Trauung\" srcset=\"https:\/\/melanie-nguyen.de\/wp-content\/uploads\/2022\/10\/Larissa-Yunus-142-scaled.jpg 2560w, https:\/\/melanie-nguyen.de\/wp-content\/uploads\/2022\/10\/Larissa-Yunus-142-300x200.jpg 300w, https:\/\/melanie-nguyen.de\/wp-content\/uploads\/2022\/10\/Larissa-Yunus-142-1024x683.jpg 1024w, https:\/\/melanie-nguyen.de\/wp-content\/uploads\/2022\/10\/Larissa-Yunus-142-768x512.jpg 768w, https:\/\/melanie-nguyen.de\/wp-content\/uploads\/2022\/10\/Larissa-Yunus-142-1536x1024.jpg 1536w, https:\/\/melanie-nguyen.de\/wp-content\/uploads\/2022\/10\/Larissa-Yunus-142-2048x1365.jpg 2048w\" sizes=\"(max-width: 2560px) 100vw, 2560px\" \/>\n            <\/div>\n        <\/div><div class=\"eael-entry-wrapper\"><header class=\"eael-entry-header\"><h2 class=\"eael-entry-title\"><a class=\"eael-grid-post-link\" href=\"https:\/\/melanie-nguyen.de\/en\/larissa-and-yunus\/\" title=\"Larissa and Yunus\">Larissa and Yunus<\/a><\/h2><\/header><\/div><\/div>\n        <\/div>\n    <\/article><\/div>\n            <div class=\"clearfix\"><\/div>\n        <\/div>\t\t\t\t<\/div>\n\t\t\t\t<\/div>\n\t\t\t\t\t<\/div>\n\t\t<\/div>\n\t\t\t\t\t<\/div>\n\t\t<\/section>\n\t\t\t\t<section class=\"elementor-section elementor-top-section elementor-element elementor-element-7f8245d elementor-section-boxed elementor-section-height-default elementor-section-height-default\" data-id=\"7f8245d\" data-element_type=\"section\" data-e-type=\"section\">\n\t\t\t\t\t\t<div class=\"elementor-container elementor-column-gap-default\">\n\t\t\t\t\t<div class=\"elementor-column elementor-col-100 elementor-top-column elementor-element elementor-element-c56d554\" data-id=\"c56d554\" data-element_type=\"column\" data-e-type=\"column\">\n\t\t\t<div class=\"elementor-widget-wrap\">\n\t\t\t\t\t\t\t<\/div>\n\t\t<\/div>\n\t\t\t\t\t<\/div>\n\t\t<\/section>\n\t\t\t\t<\/div>\n\t\t","protected":false},"excerpt":{"rendered":"<p>Lena &#038; Tin<\/p>\n","protected":false},"author":1,"featured_media":0,"parent":0,"menu_order":0,"comment_status":"closed","ping_status":"closed","template":"","meta":{"footnotes":""},"class_list":["post-5528","page","type-page","status-publish","hentry"],"yoast_head":"<!-- This site is optimized with the Yoast SEO plugin v27.4 - https:\/\/yoast.com\/product\/yoast-seo-wordpress\/ -->\n<title>Weddings - Melanie Nguyen Photography<\/title>\n<meta name=\"robots\" content=\"index, follow, max-snippet:-1, max-image-preview:large, max-video-preview:-1\" \/>\n<link rel=\"canonical\" href=\"https:\/\/melanie-nguyen.de\/en\/weddings\/\" \/>\n<meta property=\"og:locale\" content=\"en_US\" \/>\n<meta property=\"og:type\" content=\"article\" \/>\n<meta property=\"og:title\" content=\"Weddings - Melanie Nguyen Photography\" \/>\n<meta property=\"og:description\" content=\"Lena &#038; Tin\" \/>\n<meta property=\"og:url\" content=\"https:\/\/melanie-nguyen.de\/en\/weddings\/\" \/>\n<meta property=\"og:site_name\" content=\"Melanie Nguyen Photography\" \/>\n<meta property=\"article:publisher\" content=\"https:\/\/www.facebook.com\/MelanieNguyenPhotography\/\" \/>\n<meta property=\"article:modified_time\" content=\"2025-08-19T11:39:21+00:00\" \/>\n<meta property=\"og:image\" content=\"https:\/\/melanie-nguyen.de\/wp-content\/uploads\/2023\/01\/pfeil-rechts.svg\" \/>\n<meta name=\"twitter:card\" content=\"summary_large_image\" \/>\n<script type=\"application\/ld+json\" class=\"yoast-schema-graph\">{\"@context\":\"https:\\\/\\\/schema.org\",\"@graph\":[{\"@type\":\"WebPage\",\"@id\":\"https:\\\/\\\/melanie-nguyen.de\\\/en\\\/weddings\\\/\",\"url\":\"https:\\\/\\\/melanie-nguyen.de\\\/en\\\/weddings\\\/\",\"name\":\"Weddings - Melanie Nguyen Photography\",\"isPartOf\":{\"@id\":\"https:\\\/\\\/melanie-nguyen.de\\\/en\\\/#website\"},\"primaryImageOfPage\":{\"@id\":\"https:\\\/\\\/melanie-nguyen.de\\\/en\\\/weddings\\\/#primaryimage\"},\"image\":{\"@id\":\"https:\\\/\\\/melanie-nguyen.de\\\/en\\\/weddings\\\/#primaryimage\"},\"thumbnailUrl\":\"https:\\\/\\\/melanie-nguyen.de\\\/wp-content\\\/uploads\\\/2023\\\/01\\\/pfeil-rechts.svg\",\"datePublished\":\"2022-04-29T12:18:51+00:00\",\"dateModified\":\"2025-08-19T11:39:21+00:00\",\"breadcrumb\":{\"@id\":\"https:\\\/\\\/melanie-nguyen.de\\\/en\\\/weddings\\\/#breadcrumb\"},\"inLanguage\":\"en-US\",\"potentialAction\":[{\"@type\":\"ReadAction\",\"target\":[\"https:\\\/\\\/melanie-nguyen.de\\\/en\\\/weddings\\\/\"]}]},{\"@type\":\"ImageObject\",\"inLanguage\":\"en-US\",\"@id\":\"https:\\\/\\\/melanie-nguyen.de\\\/en\\\/weddings\\\/#primaryimage\",\"url\":\"https:\\\/\\\/melanie-nguyen.de\\\/wp-content\\\/uploads\\\/2023\\\/01\\\/pfeil-rechts.svg\",\"contentUrl\":\"https:\\\/\\\/melanie-nguyen.de\\\/wp-content\\\/uploads\\\/2023\\\/01\\\/pfeil-rechts.svg\"},{\"@type\":\"BreadcrumbList\",\"@id\":\"https:\\\/\\\/melanie-nguyen.de\\\/en\\\/weddings\\\/#breadcrumb\",\"itemListElement\":[{\"@type\":\"ListItem\",\"position\":1,\"name\":\"Startseite\",\"item\":\"https:\\\/\\\/melanie-nguyen.de\\\/en\\\/melanie-nguyen-photography\\\/\"},{\"@type\":\"ListItem\",\"position\":2,\"name\":\"Weddings\"}]},{\"@type\":\"WebSite\",\"@id\":\"https:\\\/\\\/melanie-nguyen.de\\\/en\\\/#website\",\"url\":\"https:\\\/\\\/melanie-nguyen.de\\\/en\\\/\",\"name\":\"Melanie Nguyen Photography\",\"description\":\"\",\"publisher\":{\"@id\":\"https:\\\/\\\/melanie-nguyen.de\\\/en\\\/#\\\/schema\\\/person\\\/b405273d82090914503086b975486481\"},\"potentialAction\":[{\"@type\":\"SearchAction\",\"target\":{\"@type\":\"EntryPoint\",\"urlTemplate\":\"https:\\\/\\\/melanie-nguyen.de\\\/en\\\/?s={search_term_string}\"},\"query-input\":{\"@type\":\"PropertyValueSpecification\",\"valueRequired\":true,\"valueName\":\"search_term_string\"}}],\"inLanguage\":\"en-US\"},{\"@type\":[\"Person\",\"Organization\"],\"@id\":\"https:\\\/\\\/melanie-nguyen.de\\\/en\\\/#\\\/schema\\\/person\\\/b405273d82090914503086b975486481\",\"name\":\"Melanie Nguyen\",\"image\":{\"@type\":\"ImageObject\",\"inLanguage\":\"en-US\",\"@id\":\"https:\\\/\\\/melanie-nguyen.de\\\/wp-content\\\/uploads\\\/2022\\\/04\\\/cropped-melanie-nguyen-logo.png\",\"url\":\"https:\\\/\\\/melanie-nguyen.de\\\/wp-content\\\/uploads\\\/2022\\\/04\\\/cropped-melanie-nguyen-logo.png\",\"contentUrl\":\"https:\\\/\\\/melanie-nguyen.de\\\/wp-content\\\/uploads\\\/2022\\\/04\\\/cropped-melanie-nguyen-logo.png\",\"width\":1582,\"height\":452,\"caption\":\"Melanie Nguyen\"},\"logo\":{\"@id\":\"https:\\\/\\\/melanie-nguyen.de\\\/wp-content\\\/uploads\\\/2022\\\/04\\\/cropped-melanie-nguyen-logo.png\"},\"description\":\"Liebevolle Mama, Ehefrau und leidenschaftliche Fotografin. Auch nach 15 gemeinsamen Jahren bin ich noch schwer verliebt in meinen Ehemann und k\u00f6nnte mich nicht gl\u00fccklicher sch\u00e4tzen, unseren wertvollsten Schatz zur Welt gebracht zu haben. Neben meiner Familie und der Fotografie liebe ich das Reisen und habe sogar f\u00fcr 2 Jahre in Amerika gelebt. Eine Lebenserfahrung, die mich bis heute pr\u00e4gt. F\u00fcr die Fotografie habe ich schon immer gebrannt. In Amerika habe ich mir meine erste Spiegelreflexkamera zugelegt, danach ging der Spa\u00df erst richtig los. 2016 wurde meine Tochter geboren und stellte unser bisheriges Leben auf den Kopf. Nach einer Babypause von 2 Jahren habe ich meinen alten Job an den Nagel gehangen und alles auf die Fotografie gesetzt. Mit kleinen Schritten habe ich mich in die Selbstst\u00e4ndigkeit eingef\u00fchlt bis ich 2020 den endg\u00fcltig letzten und gr\u00f6\u00dften Schritt wagte und die Fotografie nun hauptberuflich betreibe. Bisher durfte ich Erfahrungen in den Bereichen der Kinder-, Familien-, Babybauch-, Newborn- und Hochzeitsfotografie sammeln. Mit bisher \u00fcber 100 begleiteten Hochzeiten und unz\u00e4hligen Fotoshootings mit P\u00e4rchen und Familien, blicke ich nun auf einen gro\u00dfen Erfahrungs- und Wissensschatz zur\u00fcck. Ich bin in der Hochzeitsbranche gut vernetzt und tausche mich regelm\u00e4\u00dfig mit Kollegen aus. Au\u00dferdem besuche ich jedes Jahr mindestens einen Portfolio Day, diese habe ich ebenfalls schon selbst organisiert, oder buche Coachings bei anderen Kollegen und Mentoren. Ich bin der Meinung das man sich immer weiter entwickeln kann und nicht auf der Stelle stehen bleiben sollte. Ich arbeite sehr strukturiert und lege mich f\u00fcr jedes einzelne Fotoshooting ins Zeug. Daf\u00fcr ist mir auch kein Weg zu weit. Ich reise f\u00fcr euch durch ganz NRW, ganz Deutschland und auch ins Ausland. Erfahrungen habe ich bereits in den Niederlanden, Paris und London sammeln d\u00fcrfen. Lasst uns gemeinsam Erinnerungen schaffen, die von unsch\u00e4tzbarem Wert und unbezahlbar sind.\",\"sameAs\":[\"https:\\\/\\\/melanie-nguyen.de\",\"https:\\\/\\\/www.facebook.com\\\/MelanieNguyenPhotography\\\/\",\"https:\\\/\\\/www.instagram.com\\\/melanie_nguyen_photography\\\/\"]}]}<\/script>\n<!-- \/ Yoast SEO plugin. -->","yoast_head_json":{"title":"Weddings - Melanie Nguyen Photography","robots":{"index":"index","follow":"follow","max-snippet":"max-snippet:-1","max-image-preview":"max-image-preview:large","max-video-preview":"max-video-preview:-1"},"canonical":"https:\/\/melanie-nguyen.de\/en\/weddings\/","og_locale":"en_US","og_type":"article","og_title":"Weddings - Melanie Nguyen Photography","og_description":"Lena &#038; Tin","og_url":"https:\/\/melanie-nguyen.de\/en\/weddings\/","og_site_name":"Melanie Nguyen Photography","article_publisher":"https:\/\/www.facebook.com\/MelanieNguyenPhotography\/","article_modified_time":"2025-08-19T11:39:21+00:00","og_image":[{"url":"https:\/\/melanie-nguyen.de\/wp-content\/uploads\/2023\/01\/pfeil-rechts.svg","type":"","width":"","height":""}],"twitter_card":"summary_large_image","schema":{"@context":"https:\/\/schema.org","@graph":[{"@type":"WebPage","@id":"https:\/\/melanie-nguyen.de\/en\/weddings\/","url":"https:\/\/melanie-nguyen.de\/en\/weddings\/","name":"Weddings - Melanie Nguyen Photography","isPartOf":{"@id":"https:\/\/melanie-nguyen.de\/en\/#website"},"primaryImageOfPage":{"@id":"https:\/\/melanie-nguyen.de\/en\/weddings\/#primaryimage"},"image":{"@id":"https:\/\/melanie-nguyen.de\/en\/weddings\/#primaryimage"},"thumbnailUrl":"https:\/\/melanie-nguyen.de\/wp-content\/uploads\/2023\/01\/pfeil-rechts.svg","datePublished":"2022-04-29T12:18:51+00:00","dateModified":"2025-08-19T11:39:21+00:00","breadcrumb":{"@id":"https:\/\/melanie-nguyen.de\/en\/weddings\/#breadcrumb"},"inLanguage":"en-US","potentialAction":[{"@type":"ReadAction","target":["https:\/\/melanie-nguyen.de\/en\/weddings\/"]}]},{"@type":"ImageObject","inLanguage":"en-US","@id":"https:\/\/melanie-nguyen.de\/en\/weddings\/#primaryimage","url":"https:\/\/melanie-nguyen.de\/wp-content\/uploads\/2023\/01\/pfeil-rechts.svg","contentUrl":"https:\/\/melanie-nguyen.de\/wp-content\/uploads\/2023\/01\/pfeil-rechts.svg"},{"@type":"BreadcrumbList","@id":"https:\/\/melanie-nguyen.de\/en\/weddings\/#breadcrumb","itemListElement":[{"@type":"ListItem","position":1,"name":"Startseite","item":"https:\/\/melanie-nguyen.de\/en\/melanie-nguyen-photography\/"},{"@type":"ListItem","position":2,"name":"Weddings"}]},{"@type":"WebSite","@id":"https:\/\/melanie-nguyen.de\/en\/#website","url":"https:\/\/melanie-nguyen.de\/en\/","name":"Melanie Nguyen Photography","description":"","publisher":{"@id":"https:\/\/melanie-nguyen.de\/en\/#\/schema\/person\/b405273d82090914503086b975486481"},"potentialAction":[{"@type":"SearchAction","target":{"@type":"EntryPoint","urlTemplate":"https:\/\/melanie-nguyen.de\/en\/?s={search_term_string}"},"query-input":{"@type":"PropertyValueSpecification","valueRequired":true,"valueName":"search_term_string"}}],"inLanguage":"en-US"},{"@type":["Person","Organization"],"@id":"https:\/\/melanie-nguyen.de\/en\/#\/schema\/person\/b405273d82090914503086b975486481","name":"Melanie Nguyen","image":{"@type":"ImageObject","inLanguage":"en-US","@id":"https:\/\/melanie-nguyen.de\/wp-content\/uploads\/2022\/04\/cropped-melanie-nguyen-logo.png","url":"https:\/\/melanie-nguyen.de\/wp-content\/uploads\/2022\/04\/cropped-melanie-nguyen-logo.png","contentUrl":"https:\/\/melanie-nguyen.de\/wp-content\/uploads\/2022\/04\/cropped-melanie-nguyen-logo.png","width":1582,"height":452,"caption":"Melanie Nguyen"},"logo":{"@id":"https:\/\/melanie-nguyen.de\/wp-content\/uploads\/2022\/04\/cropped-melanie-nguyen-logo.png"},"description":"Liebevolle Mama, Ehefrau und leidenschaftliche Fotografin. Auch nach 15 gemeinsamen Jahren bin ich noch schwer verliebt in meinen Ehemann und k\u00f6nnte mich nicht gl\u00fccklicher sch\u00e4tzen, unseren wertvollsten Schatz zur Welt gebracht zu haben. Neben meiner Familie und der Fotografie liebe ich das Reisen und habe sogar f\u00fcr 2 Jahre in Amerika gelebt. Eine Lebenserfahrung, die mich bis heute pr\u00e4gt. F\u00fcr die Fotografie habe ich schon immer gebrannt. In Amerika habe ich mir meine erste Spiegelreflexkamera zugelegt, danach ging der Spa\u00df erst richtig los. 2016 wurde meine Tochter geboren und stellte unser bisheriges Leben auf den Kopf. Nach einer Babypause von 2 Jahren habe ich meinen alten Job an den Nagel gehangen und alles auf die Fotografie gesetzt. Mit kleinen Schritten habe ich mich in die Selbstst\u00e4ndigkeit eingef\u00fchlt bis ich 2020 den endg\u00fcltig letzten und gr\u00f6\u00dften Schritt wagte und die Fotografie nun hauptberuflich betreibe. Bisher durfte ich Erfahrungen in den Bereichen der Kinder-, Familien-, Babybauch-, Newborn- und Hochzeitsfotografie sammeln. Mit bisher \u00fcber 100 begleiteten Hochzeiten und unz\u00e4hligen Fotoshootings mit P\u00e4rchen und Familien, blicke ich nun auf einen gro\u00dfen Erfahrungs- und Wissensschatz zur\u00fcck. Ich bin in der Hochzeitsbranche gut vernetzt und tausche mich regelm\u00e4\u00dfig mit Kollegen aus. Au\u00dferdem besuche ich jedes Jahr mindestens einen Portfolio Day, diese habe ich ebenfalls schon selbst organisiert, oder buche Coachings bei anderen Kollegen und Mentoren. Ich bin der Meinung das man sich immer weiter entwickeln kann und nicht auf der Stelle stehen bleiben sollte. Ich arbeite sehr strukturiert und lege mich f\u00fcr jedes einzelne Fotoshooting ins Zeug. Daf\u00fcr ist mir auch kein Weg zu weit. Ich reise f\u00fcr euch durch ganz NRW, ganz Deutschland und auch ins Ausland. Erfahrungen habe ich bereits in den Niederlanden, Paris und London sammeln d\u00fcrfen. Lasst uns gemeinsam Erinnerungen schaffen, die von unsch\u00e4tzbarem Wert und unbezahlbar sind.","sameAs":["https:\/\/melanie-nguyen.de","https:\/\/www.facebook.com\/MelanieNguyenPhotography\/","https:\/\/www.instagram.com\/melanie_nguyen_photography\/"]}]}},"_links":{"self":[{"href":"https:\/\/melanie-nguyen.de\/en\/wp-json\/wp\/v2\/pages\/5528","targetHints":{"allow":["GET"]}}],"collection":[{"href":"https:\/\/melanie-nguyen.de\/en\/wp-json\/wp\/v2\/pages"}],"about":[{"href":"https:\/\/melanie-nguyen.de\/en\/wp-json\/wp\/v2\/types\/page"}],"author":[{"embeddable":true,"href":"https:\/\/melanie-nguyen.de\/en\/wp-json\/wp\/v2\/users\/1"}],"replies":[{"embeddable":true,"href":"https:\/\/melanie-nguyen.de\/en\/wp-json\/wp\/v2\/comments?post=5528"}],"version-history":[{"count":2,"href":"https:\/\/melanie-nguyen.de\/en\/wp-json\/wp\/v2\/pages\/5528\/revisions"}],"predecessor-version":[{"id":5536,"href":"https:\/\/melanie-nguyen.de\/en\/wp-json\/wp\/v2\/pages\/5528\/revisions\/5536"}],"wp:attachment":[{"href":"https:\/\/melanie-nguyen.de\/en\/wp-json\/wp\/v2\/media?parent=5528"}],"curies":[{"name":"wp","href":"https:\/\/api.w.org\/{rel}","templated":true}]}}